{"id":1435,"date":"2021-03-19T22:50:09","date_gmt":"2021-03-19T21:50:09","guid":{"rendered":"https:\/\/jakubmichalovic.cz\/web\/?page_id=1435"},"modified":"2025-04-03T23:23:58","modified_gmt":"2025-04-03T21:23:58","slug":"nordschleife-experience","status":"publish","type":"page","link":"https:\/\/jakubmichalovic.cz\/web\/nordschleife-experience\/","title":{"rendered":"NORDSCHLEIFE experience"},"content":{"rendered":"<h2>N\u00fcrburgring Nordschleife<\/h2>\n<p><a href=\"https:\/\/www.instagram.com\/explore\/tags\/nordschleifeexperience\/\">#nordschleifeexperience<\/a><\/p>\n<p>Chcete za\u017e\u00edt nejn\u00e1ro\u010dn\u011bj\u0161\u00ed, nej\u0159idi\u010dt\u011bj\u0161\u00ed, nejnebezpe\u010dn\u011bj\u0161\u00ed a pro mnoh\u00e9 nejobl\u00edben\u011bj\u0161\u00ed okruh na sv\u011bt\u011b &#8211; n\u011bmeck\u00fd <strong>N\u00fcrburgring<\/strong> a jeho severn\u00ed smy\u010dku \u2013 <strong>Nordschleife<\/strong>? Nejde jen o z\u00e1\u017eitek z j\u00edzdy v <strong>Zelen\u00e9m pekle<\/strong>, celkov\u011b m\u00e1 m\u00edsto neuv\u011b\u0159itelnou atmosf\u00e9ru.<\/p>\n<p>No a my se tam m\u016f\u017eeme vydat spole\u010dn\u011b! Ide\u00e1ln\u00ed je vz\u00edt partu p\u0159\u00e1tel a m\u011b jako va\u0161eho pr\u016fvodce. Uk\u00e1\u017eu v\u00e1m v\u0161e, do \u010deho jsem se za ta l\u00e9ta zamiloval. Mohu vz\u00edt tak\u00e9 sv\u00e9 auto, ve kter\u00e9m v\u0161e za\u017eijete naplno z m\u00edsta spolujezdce. No a pokud se boj\u00edte vz\u00edt na tra\u0165 sv\u00e9 auto, nebo na tra\u0165 nen\u00ed \u00fapln\u011b vhodn\u00e9, zajist\u00edm v\u00e1m zap\u016fj\u010den\u00ed aut dle libosti upraven\u00fdch p\u0159\u00edmo pro Nordschleife od m\u00fdch p\u0159\u00e1tel z&nbsp;<a href=\"https:\/\/nurblife.com\" target=\"_blank\" rel=\"noopener\">N\u00fcrblife<\/a>.<\/p>\n<blockquote><p>A pak ten moment, kdy\u017e se zvedne z\u00e1vora&#8230;<\/p>\n<p>M\u011b samotn\u00e9ho tohle m\u00edsto v poho\u0159\u00ed Eifel naprosto pohltilo a v\u011b\u0159\u00edm, \u017ee si z\u00edsk\u00e1 i V\u00e1s.<\/p><\/blockquote>\n<p>Div\u00e1ck\u00e9 z\u00f3ny, obchody v <strong>ring\u00b0boulevard<\/strong>, legend\u00e1rn\u00ed pumpa, ruch na parkovi\u0161ti u <strong>Devil\u00b4s Diner<\/strong>, okruhem \u017eij\u00edc\u00ed m\u011bste\u010dka kolem. V\u0161ude se pohybuj\u00ed auta, kter\u00e1 na \u010desk\u00fdch okruz\u00edch obdivujeme pro jejich v\u00fdjime\u010dnost.<\/p>\n","protected":false},"excerpt":{"rendered":"<p>N\u00fcrburgring Nordschleife #nordschleifeexperience Chcete za\u017e\u00edt nejn\u00e1ro\u010dn\u011bj\u0161\u00ed, nej\u0159idi\u010dt\u011bj\u0161\u00ed, nejnebezpe\u010dn\u011bj\u0161\u00ed a pro mnoh\u00e9 nejobl\u00edben\u011bj\u0161\u00ed okruh na sv\u011bt\u011b &#8211; n\u011bmeck\u00fd N\u00fcrburgring a jeho&#8230;<\/p>\n","protected":false},"author":1,"featured_media":2675,"parent":0,"menu_order":0,"comment_status":"closed","ping_status":"closed","template":"","meta":{"_acf_changed":false,"ngg_post_thumbnail":0,"footnotes":""},"class_list":["post-1435","page","type-page","status-publish","has-post-thumbnail","hentry"],"acf":[],"_links":{"self":[{"href":"https:\/\/jakubmichalovic.cz\/web\/wp-json\/wp\/v2\/pages\/1435","targetHints":{"allow":["GET"]}}],"collection":[{"href":"https:\/\/jakubmichalovic.cz\/web\/wp-json\/wp\/v2\/pages"}],"about":[{"href":"https:\/\/jakubmichalovic.cz\/web\/wp-json\/wp\/v2\/types\/page"}],"author":[{"embeddable":true,"href":"https:\/\/jakubmichalovic.cz\/web\/wp-json\/wp\/v2\/users\/1"}],"replies":[{"embeddable":true,"href":"https:\/\/jakubmichalovic.cz\/web\/wp-json\/wp\/v2\/comments?post=1435"}],"version-history":[{"count":112,"href":"https:\/\/jakubmichalovic.cz\/web\/wp-json\/wp\/v2\/pages\/1435\/revisions"}],"predecessor-version":[{"id":2679,"href":"https:\/\/jakubmichalovic.cz\/web\/wp-json\/wp\/v2\/pages\/1435\/revisions\/2679"}],"wp:featuredmedia":[{"embeddable":true,"href":"https:\/\/jakubmichalovic.cz\/web\/wp-json\/wp\/v2\/media\/2675"}],"wp:attachment":[{"href":"https:\/\/jakubmichalovic.cz\/web\/wp-json\/wp\/v2\/media?parent=1435"}],"curies":[{"name":"wp","href":"https:\/\/api.w.org\/{rel}","templated":true}]}}