{"id":1550,"date":"2021-03-21T17:15:57","date_gmt":"2021-03-21T16:15:57","guid":{"rendered":"https:\/\/jakubmichalovic.cz\/web\/?page_id=1550"},"modified":"2026-02-24T22:17:35","modified_gmt":"2026-02-24T21:17:35","slug":"snow-drift-experience","status":"publish","type":"page","link":"https:\/\/jakubmichalovic.cz\/web\/snow-drift-experience\/","title":{"rendered":"SNOW &#038; DRIFT experience Goldeck"},"content":{"rendered":"<h2>Driftov\u00e1n\u00ed na ledov\u00e9 dr\u00e1ze v Rakousku, nebo v It\u00e1lii<\/h2>\n<h2><a href=\"https:\/\/www.instagram.com\/explore\/tags\/snowanddriftexperience\/\">#snowanddriftexperience<\/a><\/h2>\n<p>M\u00e1te r\u00e1di zimu nejen na ly\u017e\u00edch, ale i za volantem? P\u0159ije\u010fte si u\u017e\u00edt dny pln\u00e9 \u0159\u00e1d\u011bn\u00ed na sn\u011bhu a ledu v okol\u00ed alpsk\u00fdch masiv\u016f.<\/p>\n<p>Jedn\u00e1 se o <strong>tr\u00e9nink na zimn\u00edch ledov\u00fdch drah\u00e1ch v rakousk\u00e9m Goldeck, nebo v It\u00e1lii<\/strong>, kde se nau\u010d\u00edte nejen bezpe\u010dn\u011b ovl\u00e1dat auto na sn\u011bhu \/ ledu, ale tak\u00e9 jezdit bokem! To v\u0161e v bezpe\u010dn\u00e9m prost\u0159ed\u00ed pod dohledem instruktor\u016f.<\/p>\n<h2>Jak prob\u00edh\u00e1 Goldeck?<\/h2>\n<p><strong>Tr\u00e9nink prob\u00edh\u00e1 ve vlastn\u00edch, \u010di zap\u016fj\u010den\u00fdch autech, v jednom aut\u011b se mohou st\u0159\u00eddat dva \u0159idi\u010di<\/strong>. Pro va\u0161\u00ed bezpe\u010dnost a maxim\u00e1ln\u00ed pohodl\u00ed je v ar\u00e9n\u011b omezen\u00fd po\u010det aut. Cel\u00e1 skupina jezd\u00ed spole\u010dn\u011b a je v kontaktu s instruktorem a safety carem pomoc\u00ed vys\u00edla\u010dek. Pomoc\u00ed vys\u00edla\u010dek prob\u00edh\u00e1 i tr\u00e9nink, ov\u0161em hlavn\u011b si instruktor sedne k v\u00e1m na m\u00edsto spolujezdce, nebo i za volant, aby jste je\u0161t\u011b rychleji v\u011bd\u011bli jak na to.<\/p>\n<p><strong>Ide\u00e1ln\u00ed je dvoudenn\u00ed driftov\u00e1n\u00ed<\/strong>.<\/p>\n<p><strong>Prvn\u00ed den<\/strong> \u0159idi\u010d z\u00edsk\u00e1 nov\u00e9 zku\u0161enosti a nau\u010d\u00ed se z\u00e1kladn\u00ed principy driftu. <strong>Druh\u00fd den<\/strong>, s \u010derstv\u00fdmi silami, u\u017e v\u00ed jak na to a den si o to v\u00edce u\u017eije. <strong>Po cel\u00fd den jezd\u00ed ka\u017ed\u00fd dle libosti<\/strong>, neplat\u00ed \u017e\u00e1dn\u00e9 dan\u00e9 stinty. Dr\u00e1ha je otev\u0159en\u00e1 od 9:00 do 16:00 s hodinou pauzou pro \u00fapravu trati, tedy <strong>6h je\u017ed\u011bn\u00ed<\/strong>! Jezd\u00edme stylem \u201eopen pitlane\u201d s kapacitou dr\u00e1hy 20 aut. Ov\u0161em pro rok 2026 jsme sn\u00ed\u017eili po\u010det na 15 aut, to pro je\u0161t\u011b v\u011bt\u0161\u00ed pohodl\u00ed a prostor na dr\u00e1ze.<\/p>\n<p>Pro zimu 2025 jsme zvolili zcela novou dr\u00e1hu a po v\u00edce ne\u017e 10 letech opustili obl\u00edben\u00e9 <strong>Lungau<\/strong>. Dr\u00e1ha se nach\u00e1z\u00ed v nadmo\u0159sk\u00e9 v\u00fd\u0161ce t\u00e9m\u011b\u0159 1900m, co\u017e zaji\u0161\u0165uje v\u00fdborn\u00e9 podm\u00ednky. Skl\u00e1d\u00e1 se z hlavn\u00edho okruhu, naklon\u011bn\u00e9 dynamick\u00e9 plochy a cvi\u010dn\u00e9ho kruhu a ov\u00e1lu. V\u0161e na sob\u011b nez\u00e1visl\u00e9. Nav\u00edc je tra\u0165 zasazena do \u010dlenit\u00e9ho ter\u00e9nu, co\u017e zvy\u0161uje jej\u00ed atraktivitu. B\u011bhem prvn\u00edho ro\u010dn\u00edku na Goldecku jsme z\u00edskali spoustu zku\u0161enost\u00ed a v roce 2026 je hodl\u00e1me uplatnit. Dr\u00e1ha je vhodn\u00e1 pouze pro vozy s pohonem v\u0161ech kol.<\/p>\n<p>Na rovinu, dr\u00e1ha je zcela odli\u0161n\u00e1, ne\u017e ploch\u00e9 dr\u00e1hy v Lungau. Ji\u017e zanikl\u00fd Lungauring byla proch\u00e1zka r\u016f\u017eovou zahradou. Dr\u00e1ha v Muhr \u010di Thomatalu m\u00e1 sn\u011bhov\u00e9 bari\u00e9ry, ty m\u00e1 Goldeck tak\u00e9 a dokonce je vy\u017eaduje. Na hlavn\u00edm okruhu je n\u011bkolik rytmick\u00fdch zat\u00e1\u010dek do stoup\u00e1n\u00ed, vrac\u00e1k navazuj\u00edc\u00ed na dol\u00edk s velkou kompres\u00ed, pad\u00e1k dol\u016f, kde se d\u00e1 auto rozhodit u\u017e jen na brzd\u00e1ch. N\u011bkde \u0161ir\u0161\u00ed, n\u011bkde u\u017e\u0161\u00ed. Jednodu\u0161e, nen\u00ed to dr\u00e1ha \u00fapln\u011b pro ka\u017ed\u00e9ho. <strong>Za\u010d\u00e1te\u010dn\u00edk se m\u016f\u017ee hodn\u011b nau\u010dit, pokro\u010dil\u00fd si bude libovat!<\/strong><\/p>\n<p>Driftov\u00e1n\u00ed je vhodn\u00e9 spojit s ly\u017eov\u00e1n\u00edm, p\u0159\u00edmo u dr\u00e1hy je ly\u017ea\u0159sk\u00e9 st\u0159edisko, p\u011b\u0161\u00ed trasy a mo\u017enosti pro skialpy. Nedaleko obl\u00edben\u00e1 st\u0159ediska Katschberg a Innerkrems, opod\u00e1l Obertauren.<\/p>\n","protected":false},"excerpt":{"rendered":"<p>Driftov\u00e1n\u00ed na ledov\u00e9 dr\u00e1ze v Rakousku, nebo v It\u00e1lii #snowanddriftexperience M\u00e1te r\u00e1di zimu nejen na ly\u017e\u00edch, ale i za volantem?&#8230;<\/p>\n","protected":false},"author":1,"featured_media":2402,"parent":0,"menu_order":0,"comment_status":"closed","ping_status":"closed","template":"","meta":{"_acf_changed":false,"ngg_post_thumbnail":0,"footnotes":""},"class_list":["post-1550","page","type-page","status-publish","has-post-thumbnail","hentry"],"acf":[],"_links":{"self":[{"href":"https:\/\/jakubmichalovic.cz\/web\/wp-json\/wp\/v2\/pages\/1550","targetHints":{"allow":["GET"]}}],"collection":[{"href":"https:\/\/jakubmichalovic.cz\/web\/wp-json\/wp\/v2\/pages"}],"about":[{"href":"https:\/\/jakubmichalovic.cz\/web\/wp-json\/wp\/v2\/types\/page"}],"author":[{"embeddable":true,"href":"https:\/\/jakubmichalovic.cz\/web\/wp-json\/wp\/v2\/users\/1"}],"replies":[{"embeddable":true,"href":"https:\/\/jakubmichalovic.cz\/web\/wp-json\/wp\/v2\/comments?post=1550"}],"version-history":[{"count":139,"href":"https:\/\/jakubmichalovic.cz\/web\/wp-json\/wp\/v2\/pages\/1550\/revisions"}],"predecessor-version":[{"id":2757,"href":"https:\/\/jakubmichalovic.cz\/web\/wp-json\/wp\/v2\/pages\/1550\/revisions\/2757"}],"wp:featuredmedia":[{"embeddable":true,"href":"https:\/\/jakubmichalovic.cz\/web\/wp-json\/wp\/v2\/media\/2402"}],"wp:attachment":[{"href":"https:\/\/jakubmichalovic.cz\/web\/wp-json\/wp\/v2\/media?parent=1550"}],"curies":[{"name":"wp","href":"https:\/\/api.w.org\/{rel}","templated":true}]}}