{"id":1616,"date":"2021-03-22T12:25:28","date_gmt":"2021-03-22T11:25:28","guid":{"rendered":"https:\/\/jakubmichalovic.cz\/web\/?page_id=1616"},"modified":"2025-04-01T23:44:23","modified_gmt":"2025-04-01T21:44:23","slug":"safe-experience","status":"publish","type":"page","link":"https:\/\/jakubmichalovic.cz\/web\/safe-experience\/","title":{"rendered":"SAFE experience"},"content":{"rendered":"<h2>Kurz bezpe\u010dn\u00e9 j\u00edzdy \/ \u0161kola smyku<\/h2>\n<p><a href=\"https:\/\/www.instagram.com\/explore\/tags\/safeexperience\/\">#safeexperience<\/a><\/p>\n<p>Kurz je zam\u011b\u0159en na nej\u010dast\u011bj\u0161\u00ed krizov\u00e9 situace v osobn\u00edm voze. C\u00edlem <strong>kurzu bezpe\u010dn\u00e9 j\u00edzdy<\/strong> je \u0159idi\u010de s t\u011bmito situacemi sezn\u00e1mit, nau\u010dit je spr\u00e1vn\u011b \u0159e\u0161it a um\u011bt jim p\u0159edch\u00e1zet.<\/p>\n<p>P\u0159i <strong>kurzu bezpe\u010dn\u00e9 j\u00edzdy <\/strong>se sezn\u00e1m\u00edte s problematikou pneumatik, vyu\u017eit\u00ed a funkci elektronick\u00fdch syst\u00e9m\u016f a zdokonal\u00edte se ve sv\u00fdch \u0159idi\u010dsk\u00fdch dovednostech. \u010cek\u00e1 V\u00e1s tr\u00e9nink spr\u00e1vn\u00e9 techniky ovl\u00e1d\u00e1n\u00ed vozidla, zvl\u00e1dnut\u00ed smyku, vyh\u00fdbac\u00ed man\u00e9vry, krizov\u00e9 brzd\u011bn\u00ed na povr\u0161\u00edch s r\u016fznou p\u0159ilnavost\u00ed, sjezd\/v\u00fdjezd kluzn\u00e9 vozovky v kopci, aquaplaning.<\/p>\n<p>Vyb\u00edrat m\u016f\u017eete z varianty <a href=\"#group\">GROUP<\/a> (celodenn\u00ed kurz pro skupinu 8 &#8211; 12 osob), nebo <a href=\"#personal\">PERSONAL<\/a> (n\u011bkolikahodinov\u00fd intenzivn\u00ed kurz pro maxim\u00e1ln\u011b 4 osoby).<\/p>\n<p>Kurzy po\u0159\u00e1d\u00e1m na polygonech po cel\u00e9 <strong>\u010cesk\u00e9 republice<\/strong> a <strong>Rakousku<\/strong>. Je na v\u00e1s, kter\u00fd z polygon\u016f si zvol\u00edte. V\u0161echny are\u00e1ly nab\u00edz\u00ed nejmodern\u011bj\u0161\u00ed technologie k v\u00fduce \u0159idi\u010d\u016f a k simulaci krizov\u00fdch situac\u00ed i ve vysok\u00fdch rychlostech.<\/p>\n","protected":false},"excerpt":{"rendered":"<p>Kurz bezpe\u010dn\u00e9 j\u00edzdy \/ \u0161kola smyku #safeexperience Kurz je zam\u011b\u0159en na nej\u010dast\u011bj\u0161\u00ed krizov\u00e9 situace v osobn\u00edm voze. C\u00edlem kurzu bezpe\u010dn\u00e9&#8230;<\/p>\n","protected":false},"author":1,"featured_media":1618,"parent":0,"menu_order":0,"comment_status":"closed","ping_status":"closed","template":"","meta":{"_acf_changed":false,"ngg_post_thumbnail":0,"footnotes":""},"class_list":["post-1616","page","type-page","status-publish","has-post-thumbnail","hentry"],"acf":[],"_links":{"self":[{"href":"https:\/\/jakubmichalovic.cz\/web\/wp-json\/wp\/v2\/pages\/1616","targetHints":{"allow":["GET"]}}],"collection":[{"href":"https:\/\/jakubmichalovic.cz\/web\/wp-json\/wp\/v2\/pages"}],"about":[{"href":"https:\/\/jakubmichalovic.cz\/web\/wp-json\/wp\/v2\/types\/page"}],"author":[{"embeddable":true,"href":"https:\/\/jakubmichalovic.cz\/web\/wp-json\/wp\/v2\/users\/1"}],"replies":[{"embeddable":true,"href":"https:\/\/jakubmichalovic.cz\/web\/wp-json\/wp\/v2\/comments?post=1616"}],"version-history":[{"count":36,"href":"https:\/\/jakubmichalovic.cz\/web\/wp-json\/wp\/v2\/pages\/1616\/revisions"}],"predecessor-version":[{"id":2650,"href":"https:\/\/jakubmichalovic.cz\/web\/wp-json\/wp\/v2\/pages\/1616\/revisions\/2650"}],"wp:featuredmedia":[{"embeddable":true,"href":"https:\/\/jakubmichalovic.cz\/web\/wp-json\/wp\/v2\/media\/1618"}],"wp:attachment":[{"href":"https:\/\/jakubmichalovic.cz\/web\/wp-json\/wp\/v2\/media?parent=1616"}],"curies":[{"name":"wp","href":"https:\/\/api.w.org\/{rel}","templated":true}]}}