{"id":1652,"date":"2021-03-22T14:05:00","date_gmt":"2021-03-22T13:05:00","guid":{"rendered":"https:\/\/jakubmichalovic.cz\/web\/?page_id=1652"},"modified":"2026-02-24T21:45:44","modified_gmt":"2026-02-24T20:45:44","slug":"prevention-experience","status":"publish","type":"page","link":"https:\/\/jakubmichalovic.cz\/web\/prevention-experience\/","title":{"rendered":"DEFENSIVE experience"},"content":{"rendered":"<h2>Kurz defenzivn\u00ed j\u00edzdy<\/h2>\n<p><a href=\"https:\/\/www.instagram.com\/explore\/tags\/preventionexperience\/\">#preventionexperience<\/a><\/p>\n<p><strong>Kurz defenzivn\u00ed j\u00edzdy<\/strong> u\u010d\u00ed \u0159idi\u010de spr\u00e1vn\u00e9mu chov\u00e1n\u00ed p\u0159i \u0159\u00edzen\u00ed vozidla, aby p\u0159edch\u00e1zeli nebezpe\u010dn\u00fdm \u010di krizov\u00fdm situac\u00edm, nebo nebyli hrozbou pro ostatn\u00ed \u00fa\u010dastn\u00edky provozu.<\/p>\n<p>Kurz <strong>prob\u00edh\u00e1 v b\u011b\u017en\u00e9m silni\u010dn\u00edm provozu<\/strong> ve v\u00e1mi zvolen\u00e9m m\u00edst\u011b.<\/p>\n<p>Vyb\u00edrat m\u016f\u017eete z varianty <a href=\"#group\">GROUP<\/a>, nebo <a href=\"#personal\">PERSONAL.<\/a><\/p>\n","protected":false},"excerpt":{"rendered":"<p>Kurz defenzivn\u00ed j\u00edzdy #preventionexperience Kurz defenzivn\u00ed j\u00edzdy u\u010d\u00ed \u0159idi\u010de spr\u00e1vn\u00e9mu chov\u00e1n\u00ed p\u0159i \u0159\u00edzen\u00ed vozidla, aby p\u0159edch\u00e1zeli nebezpe\u010dn\u00fdm \u010di krizov\u00fdm situac\u00edm,&#8230;<\/p>\n","protected":false},"author":1,"featured_media":1653,"parent":0,"menu_order":0,"comment_status":"closed","ping_status":"closed","template":"","meta":{"_acf_changed":false,"ngg_post_thumbnail":0,"footnotes":""},"class_list":["post-1652","page","type-page","status-publish","has-post-thumbnail","hentry"],"acf":[],"_links":{"self":[{"href":"https:\/\/jakubmichalovic.cz\/web\/wp-json\/wp\/v2\/pages\/1652","targetHints":{"allow":["GET"]}}],"collection":[{"href":"https:\/\/jakubmichalovic.cz\/web\/wp-json\/wp\/v2\/pages"}],"about":[{"href":"https:\/\/jakubmichalovic.cz\/web\/wp-json\/wp\/v2\/types\/page"}],"author":[{"embeddable":true,"href":"https:\/\/jakubmichalovic.cz\/web\/wp-json\/wp\/v2\/users\/1"}],"replies":[{"embeddable":true,"href":"https:\/\/jakubmichalovic.cz\/web\/wp-json\/wp\/v2\/comments?post=1652"}],"version-history":[{"count":25,"href":"https:\/\/jakubmichalovic.cz\/web\/wp-json\/wp\/v2\/pages\/1652\/revisions"}],"predecessor-version":[{"id":2751,"href":"https:\/\/jakubmichalovic.cz\/web\/wp-json\/wp\/v2\/pages\/1652\/revisions\/2751"}],"wp:featuredmedia":[{"embeddable":true,"href":"https:\/\/jakubmichalovic.cz\/web\/wp-json\/wp\/v2\/media\/1653"}],"wp:attachment":[{"href":"https:\/\/jakubmichalovic.cz\/web\/wp-json\/wp\/v2\/media?parent=1652"}],"curies":[{"name":"wp","href":"https:\/\/api.w.org\/{rel}","templated":true}]}}