{"id":2476,"date":"2022-12-12T10:19:15","date_gmt":"2022-12-12T09:19:15","guid":{"rendered":"https:\/\/jakubmichalovic.cz\/web\/?page_id=2476"},"modified":"2022-12-12T10:21:45","modified_gmt":"2022-12-12T09:21:45","slug":"voucher","status":"publish","type":"page","link":"https:\/\/jakubmichalovic.cz\/web\/voucher\/","title":{"rendered":"Voucher"},"content":{"rendered":"<h2>Voucher<\/h2>\n<p>Chcete n\u011bkomu ud\u011blat radost, nebo hled\u00e1te d\u00e1rek \u010di pozornost. M\u016f\u017eete pou\u017e\u00edt cokoliv z m\u00e9 nab\u00eddky.<\/p>\n<p>Sta\u010d\u00ed si zvolit mezi d\u00e1rkov\u00fdm voucherem, nebo univerz\u00e1ln\u00edm voucherem. Tedy pokud obdarovan\u00e9ho dob\u0159e zn\u00e1te, m\u016f\u017eete zvolit <strong>d\u00e1rkov\u00fd voucher<\/strong> na konkr\u00e9tn\u00ed tr\u00e9nink. Pokud si nejste jist\u00ed, zvolte <strong>univerz\u00e1ln\u00ed voucher<\/strong> v libovoln\u00e9 hodnot\u011b a obdarovan\u00fd si pak zvol\u00ed s\u00e1m, co ho bude nejv\u00edce l\u00e1kat.<\/p>\n","protected":false},"excerpt":{"rendered":"<p>Voucher Chcete n\u011bkomu ud\u011blat radost, nebo hled\u00e1te d\u00e1rek \u010di pozornost. M\u016f\u017eete pou\u017e\u00edt cokoliv z m\u00e9 nab\u00eddky. Sta\u010d\u00ed si zvolit mezi&#8230;<\/p>\n","protected":false},"author":2,"featured_media":2152,"parent":0,"menu_order":0,"comment_status":"closed","ping_status":"closed","template":"","meta":{"_acf_changed":false,"ngg_post_thumbnail":0,"footnotes":""},"class_list":["post-2476","page","type-page","status-publish","has-post-thumbnail","hentry"],"acf":[],"_links":{"self":[{"href":"https:\/\/jakubmichalovic.cz\/web\/wp-json\/wp\/v2\/pages\/2476","targetHints":{"allow":["GET"]}}],"collection":[{"href":"https:\/\/jakubmichalovic.cz\/web\/wp-json\/wp\/v2\/pages"}],"about":[{"href":"https:\/\/jakubmichalovic.cz\/web\/wp-json\/wp\/v2\/types\/page"}],"author":[{"embeddable":true,"href":"https:\/\/jakubmichalovic.cz\/web\/wp-json\/wp\/v2\/users\/2"}],"replies":[{"embeddable":true,"href":"https:\/\/jakubmichalovic.cz\/web\/wp-json\/wp\/v2\/comments?post=2476"}],"version-history":[{"count":3,"href":"https:\/\/jakubmichalovic.cz\/web\/wp-json\/wp\/v2\/pages\/2476\/revisions"}],"predecessor-version":[{"id":2482,"href":"https:\/\/jakubmichalovic.cz\/web\/wp-json\/wp\/v2\/pages\/2476\/revisions\/2482"}],"wp:featuredmedia":[{"embeddable":true,"href":"https:\/\/jakubmichalovic.cz\/web\/wp-json\/wp\/v2\/media\/2152"}],"wp:attachment":[{"href":"https:\/\/jakubmichalovic.cz\/web\/wp-json\/wp\/v2\/media?parent=2476"}],"curies":[{"name":"wp","href":"https:\/\/api.w.org\/{rel}","templated":true}]}}